{"id":987,"date":"2015-10-09T14:40:00","date_gmt":"2015-10-09T13:40:00","guid":{"rendered":"http:\/\/cargo.bold-themes.com\/transport-company\/?page_id=987"},"modified":"2024-01-09T12:49:01","modified_gmt":"2024-01-09T12:49:01","slug":"vypocet-ceny","status":"publish","type":"page","link":"https:\/\/c-t.sk\/vypocet-ceny\/","title":{"rendered":"Kalkulacja ceny"},"content":{"rendered":"<div class=\"bt_rc_container\"><section id=\"bt_section69ed04d66f416\" data-parallax=\"0.1\" data-parallax-offset=\"-50\" class=\"boldSection topExtraSpaced bottomMoreSpaced btDarkSkin gutter btMiddleVertical btParallax wBackground cover\" style=\"background-image:url('https:\/\/c-t.sk\/wp-content\/uploads\/2023\/12\/CT-truck-nahlad-banner-uvodny-scaled-new.jpg');\"><div class=\"port\"><div class=\"boldCell\"><div class=\"boldCellInner\"><div class=\"boldRow \" ><div class=\"rowItem col-md-12 col-ms-12  btTextLeft animate animate-fadein animate-moveleft inherit\"  ><div class=\"rowItemContent\"><header class=\"header btClear large btDash bottomDash  btAccentDash btRegularTitle\" ><p class=\"btSuperTitle\">Co zyskasz dzi\u0119ki wsp\u00f3\u0142pracy z nami?<\/p><div class=\"dash\"><h2><span class=\"headline\">Uzyskaj wycen\u0119 wysy\u0142ki<\/span><\/h2><\/div><p class=\"btSubTitle\">Nasz zesp\u00f3\u0142 skontaktuje si\u0119 z Tob\u0105 tak szybko, jak to mo\u017cliwe<\/p><\/header><div class=\"btClear btSeparator bottomExtraSmallSpaced noBorder\" ><hr><\/div><div class=\"btBtn btBtn btnFilled btnIconLeftPosition btnAccentColor btnSmall btnNormal btnIco\" ><div class=\"btIco borderless extrasmall\"><a href=\"https:\/\/c-t.sk\/pl\/nasze-uslugi\/\"  data-ico-cs=\"&#xe606;\" class=\"btIcoHolder\"><span>przejd\u017a do oferty us\u0142ug<\/span><\/a><\/div><\/div><\/div><\/div><\/div><\/div><\/div><\/div><\/section><section id=\"bt_section69ed04d66f8b4\"  class=\"boldSection topSpaced bottomMoreSpaced gutter inherit\" ><div class=\"port\"><div class=\"boldCell\"><div class=\"boldCellInner\"><div class=\"boldRow \" ><div class=\"rowItem col-md-12 col-ms-12  btTextLeft animate animate-fadein inherit btNoPadding\" style=\"padding:30px;background-color: rgba(244, 244, 244, 1);\" ><div class=\"rowItemContent\"><header class=\"header btClear large btDash bottomDash  btDarkAccentDash btRegularTitle\" ><div class=\"dash\"><h2><span class=\"headline\">WPROWAD\u0179 \u017b\u0104DANIE TRANSPORTU<\/span><\/h2><\/div><\/header><div class=\"btClear btSeparator topSmallSpaced noBorder\" ><hr><\/div><div class=\"btText\"><div class=\"wpforms-container wpforms-container-full\" id=\"wpforms-3485\">\n<form id=\"wpforms-form-3485\" class=\"wpforms-validate wpforms-form wpforms-ajax-form\" data-formid=\"3485\" method=\"post\" enctype=\"multipart\/form-data\" action=\"\/pl\/wp-json\/wp\/v2\/pages\/987\" data-token=\"69f7b487acae58bad83988ecc1c91b57\"><noscript class=\"wpforms-error-noscript\">Please enable JavaScript in your browser to complete this form.<\/noscript><\/p>\n<div class=\"wpforms-field-container\">\n<div id=\"wpforms-3485-field_1-container\" class=\"wpforms-field wpforms-field-radio wpforms-list-inline\" data-field-id=\"1\"><label class=\"wpforms-field-label\" for=\"wpforms-3485-field_1\">TRANZYT <span class=\"wpforms-required-label\">*<\/span><\/label><\/p>\n<ul id=\"wpforms-3485-field_1\" class=\"wpforms-field-required\">\n<li class=\"choice-1 depth-1\"><input type=\"radio\" id=\"wpforms-3485-field_1_1\" name=\"wpforms[fields][1]\" value=\"Import\" required ><label class=\"wpforms-field-label-inline\" for=\"wpforms-3485-field_1_1\">Import<\/label><\/li>\n<li class=\"choice-2 depth-1\"><input type=\"radio\" id=\"wpforms-3485-field_1_2\" name=\"wpforms[fields][1]\" value=\"Export\" required ><label class=\"wpforms-field-label-inline\" for=\"wpforms-3485-field_1_2\">Export<\/label><\/li>\n<\/ul>\n<\/div>\n<div id=\"wpforms-3485-field_4-container\" class=\"wpforms-field wpforms-field-radio wpforms-list-inline\" data-field-id=\"4\"><label class=\"wpforms-field-label\" for=\"wpforms-3485-field_4\">RODZAJ PRZETWARZANIA <span class=\"wpforms-required-label\">*<\/span><\/label><\/p>\n<ul id=\"wpforms-3485-field_4\" class=\"wpforms-field-required\">\n<li class=\"choice-1 depth-1\"><input type=\"radio\" id=\"wpforms-3485-field_4_1\" name=\"wpforms[fields][4]\" value=\"Transport ci\u0119\u017carowy\" required ><label class=\"wpforms-field-label-inline\" for=\"wpforms-3485-field_4_1\">Transport ci\u0119\u017carowy<\/label><\/li>\n<li class=\"choice-2 depth-1\"><input type=\"radio\" id=\"wpforms-3485-field_4_2\" name=\"wpforms[fields][4]\" value=\"Transport intermodalny\" required ><label class=\"wpforms-field-label-inline\" for=\"wpforms-3485-field_4_2\">Transport intermodalny<\/label><\/li>\n<li class=\"choice-3 depth-1\"><input type=\"radio\" id=\"wpforms-3485-field_4_3\" name=\"wpforms[fields][4]\" value=\"Transport kolejowy\" required ><label class=\"wpforms-field-label-inline\" for=\"wpforms-3485-field_4_3\">Transport kolejowy<\/label><\/li>\n<\/ul>\n<\/div>\n<div id=\"wpforms-3485-field_5-container\" class=\"wpforms-field wpforms-field-radio wpforms-list-inline\" data-field-id=\"5\"><label class=\"wpforms-field-label\" for=\"wpforms-3485-field_5\">RODZAJ PRZYGOTOWANIA <span class=\"wpforms-required-label\">*<\/span><\/label><\/p>\n<ul id=\"wpforms-3485-field_5\" class=\"wpforms-field-required\">\n<li class=\"choice-1 depth-1\"><input type=\"radio\" id=\"wpforms-3485-field_5_1\" name=\"wpforms[fields][5]\" value=\"FTL - transport ca\u0142opojazdowy\" required ><label class=\"wpforms-field-label-inline\" for=\"wpforms-3485-field_5_1\">FTL &#8211; transport ca\u0142opojazdowy<\/label><\/li>\n<li class=\"choice-2 depth-1\"><input type=\"radio\" id=\"wpforms-3485-field_5_2\" name=\"wpforms[fields][5]\" value=\"LTL - transport za\u0142adunkowy\" required ><label class=\"wpforms-field-label-inline\" for=\"wpforms-3485-field_5_2\">LTL &#8211; transport za\u0142adunkowy<\/label><\/li>\n<li class=\"choice-3 depth-1\"><input type=\"radio\" id=\"wpforms-3485-field_5_3\" name=\"wpforms[fields][5]\" value=\"Ekspres - pilny transport\" required ><label class=\"wpforms-field-label-inline\" for=\"wpforms-3485-field_5_3\">Ekspres &#8211; pilny transport<\/label><\/li>\n<\/ul>\n<\/div>\n<div id=\"wpforms-3485-field_6-container\" class=\"wpforms-field wpforms-field-radio wpforms-list-inline\" data-field-id=\"6\"><label class=\"wpforms-field-label\" for=\"wpforms-3485-field_6\">RODZAJ PRODUKTU\/PRODUKT\u00d3W, KT\u00d3RE MAJ\u0104 BY\u0106 TRANSPORTOWANE <span class=\"wpforms-required-label\">*<\/span><\/label><\/p>\n<ul id=\"wpforms-3485-field_6\" class=\"wpforms-field-required\">\n<li class=\"choice-1 depth-1\"><input type=\"radio\" id=\"wpforms-3485-field_6_1\" name=\"wpforms[fields][6]\" value=\"Towary na paletach\" required ><label class=\"wpforms-field-label-inline\" for=\"wpforms-3485-field_6_1\">Towary na paletach<\/label><\/li>\n<li class=\"choice-2 depth-1\"><input type=\"radio\" id=\"wpforms-3485-field_6_2\" name=\"wpforms[fields][6]\" value=\"Towary masowe\" required ><label class=\"wpforms-field-label-inline\" for=\"wpforms-3485-field_6_2\">Towary masowe<\/label><\/li>\n<li class=\"choice-3 depth-1\"><input type=\"radio\" id=\"wpforms-3485-field_6_3\" name=\"wpforms[fields][6]\" value=\"Inne\" required ><label class=\"wpforms-field-label-inline\" for=\"wpforms-3485-field_6_3\">Inne<\/label><\/li>\n<\/ul>\n<\/div>\n<div id=\"wpforms-3485-field_7-container\" class=\"wpforms-field wpforms-field-text wpforms-one-half wpforms-first\" data-field-id=\"7\"><label class=\"wpforms-field-label\" for=\"wpforms-3485-field_7\">MIASTO NADAWCY<\/label><input type=\"text\" id=\"wpforms-3485-field_7\" class=\"wpforms-field-large\" name=\"wpforms[fields][7]\" placeholder=\"Ko\u0161ice\" ><\/div>\n<div id=\"wpforms-3485-field_9-container\" class=\"wpforms-field wpforms-field-text wpforms-one-half\" data-field-id=\"9\"><label class=\"wpforms-field-label\" for=\"wpforms-3485-field_9\">KRAJ NADAWCY<\/label><input type=\"text\" id=\"wpforms-3485-field_9\" class=\"wpforms-field-large\" name=\"wpforms[fields][9]\" placeholder=\"S\u0142owacja\" ><\/div>\n<div id=\"wpforms-3485-field_10-container\" class=\"wpforms-field wpforms-field-text wpforms-one-half wpforms-first\" data-field-id=\"10\"><label class=\"wpforms-field-label\" for=\"wpforms-3485-field_10\">MIASTO ODBIORCY<\/label><input type=\"text\" id=\"wpforms-3485-field_10\" class=\"wpforms-field-large\" name=\"wpforms[fields][10]\" placeholder=\"Berlin\" ><\/div>\n<div id=\"wpforms-3485-field_11-container\" class=\"wpforms-field wpforms-field-text wpforms-one-half\" data-field-id=\"11\"><label class=\"wpforms-field-label\" for=\"wpforms-3485-field_11\">KRAJ ODBIORCY<\/label><input type=\"text\" id=\"wpforms-3485-field_11\" class=\"wpforms-field-large\" name=\"wpforms[fields][11]\" placeholder=\"Niemcy\" ><\/div>\n<div id=\"wpforms-3485-field_12-container\" class=\"wpforms-field wpforms-field-radio wpforms-one-half wpforms-first\" data-field-id=\"12\"><label class=\"wpforms-field-label\" for=\"wpforms-3485-field_12\">RODZAJ WSP\u00d3\u0141PRACY<\/label><\/p>\n<ul id=\"wpforms-3485-field_12\">\n<li class=\"choice-1 depth-1\"><input type=\"radio\" id=\"wpforms-3485-field_12_1\" name=\"wpforms[fields][12]\" value=\"Cena za pojedyncz\u0105 przesy\u0142k\u0119 \/ zapotrzebowanie\"  ><label class=\"wpforms-field-label-inline\" for=\"wpforms-3485-field_12_1\">Cena za pojedyncz\u0105 przesy\u0142k\u0119 \/ zapotrzebowanie<\/label><\/li>\n<li class=\"choice-2 depth-1\"><input type=\"radio\" id=\"wpforms-3485-field_12_2\" name=\"wpforms[fields][12]\" value=\"Wsp\u00f3\u0142praca w ramach przetarg\u00f3w i um\u00f3w\"  ><label class=\"wpforms-field-label-inline\" for=\"wpforms-3485-field_12_2\">Wsp\u00f3\u0142praca w ramach przetarg\u00f3w i um\u00f3w<\/label><\/li>\n<\/ul>\n<\/div>\n<div id=\"wpforms-3485-field_13-container\" class=\"wpforms-field wpforms-field-text\" data-field-id=\"13\"><label class=\"wpforms-field-label\" for=\"wpforms-3485-field_13\">FIRMA <span class=\"wpforms-required-label\">*<\/span><\/label><input type=\"text\" id=\"wpforms-3485-field_13\" class=\"wpforms-field-large wpforms-field-required\" name=\"wpforms[fields][13]\" required><\/div>\n<div id=\"wpforms-3485-field_14-container\" class=\"wpforms-field wpforms-field-text\" data-field-id=\"14\"><label class=\"wpforms-field-label\" for=\"wpforms-3485-field_14\">OSOBA KONTAKTOWA<\/label><input type=\"text\" id=\"wpforms-3485-field_14\" class=\"wpforms-field-large\" name=\"wpforms[fields][14]\" ><\/div>\n<div id=\"wpforms-3485-field_16-container\" class=\"wpforms-field wpforms-field-email\" data-field-id=\"16\"><label class=\"wpforms-field-label\" for=\"wpforms-3485-field_16\">EMAIL <span class=\"wpforms-required-label\">*<\/span><\/label><input type=\"email\" id=\"wpforms-3485-field_16\" class=\"wpforms-field-large wpforms-field-required\" name=\"wpforms[fields][16]\" required><\/div>\n<div id=\"wpforms-3485-field_17-container\" class=\"wpforms-field wpforms-field-text\" data-field-id=\"17\"><label class=\"wpforms-field-label\" for=\"wpforms-3485-field_17\">TELEFON <span class=\"wpforms-required-label\">*<\/span><\/label><input type=\"text\" id=\"wpforms-3485-field_17\" class=\"wpforms-field-large wpforms-field-required\" name=\"wpforms[fields][17]\" placeholder=\"+421\" required><\/div>\n<div id=\"wpforms-3485-field_18-container\" class=\"wpforms-field wpforms-field-textarea\" data-field-id=\"18\"><label class=\"wpforms-field-label\" for=\"wpforms-3485-field_18\">UWAGA NA \u017b\u0104DANIE<\/label><textarea id=\"wpforms-3485-field_18\" class=\"wpforms-field-medium\" name=\"wpforms[fields][18]\" ><\/textarea><\/div>\n<div id=\"wpforms-3485-field_19-container\" class=\"wpforms-field wpforms-field-checkbox\" data-field-id=\"19\"><label class=\"wpforms-field-label\" for=\"wpforms-3485-field_19\">Zgoda GDPR <span class=\"wpforms-required-label\">*<\/span><\/label><\/p>\n<ul id=\"wpforms-3485-field_19\" class=\"wpforms-field-required\">\n<li class=\"choice-1 depth-1\"><input type=\"checkbox\" id=\"wpforms-3485-field_19_1\" name=\"wpforms[fields][19][]\" value=\"O\u015bwiadczam, \u017ce zosta\u0142em poinformowany o informacjach dla os\u00f3b, kt\u00f3rych dane dotycz\u0105.\" required ><label class=\"wpforms-field-label-inline\" for=\"wpforms-3485-field_19_1\">O\u015bwiadczam, \u017ce zosta\u0142em poinformowany o informacjach dla os\u00f3b, kt\u00f3rych dane dotycz\u0105.<\/label><\/li>\n<\/ul>\n<\/div>\n<\/div>\n<div class=\"wpforms-submit-container\"><input type=\"hidden\" name=\"wpforms[id]\" value=\"3485\"><input type=\"hidden\" name=\"wpforms[author]\" value=\"5\"><button type=\"submit\" name=\"wpforms[submit]\" id=\"wpforms-submit-3485\" class=\"wpforms-submit\" data-alt-text=\"Wysy\u0142am...\" data-submit-text=\"Z\u0141O\u017bY\u0106 WNIOSEK\" aria-live=\"assertive\" value=\"wpforms-submit\">Z\u0141O\u017bY\u0106 WNIOSEK<\/button><img src=\"https:\/\/c-t.sk\/wp-content\/plugins\/wpforms-lite\/assets\/images\/submit-spin.svg\" class=\"wpforms-submit-spinner\" style=\"display: none;\" width=\"26\" height=\"26\" alt=\"\"><\/div>\n<\/form>\n<\/div>\n<p>  <!-- .wpforms-container --><\/p>\n<\/div><div class=\"btClear btSeparator topSemiSpaced noBorder\" ><hr><\/div><\/div><\/div><\/div><\/div><\/div><\/div><\/section><\/div>","protected":false},"excerpt":{"rendered":"<p>Co zyskasz dzi\u0119ki wsp\u00f3\u0142pracy z nami?Uzyskaj wycen\u0119 wysy\u0142kiNasz zesp\u00f3\u0142 skontaktuje si\u0119 z Tob\u0105 tak szybko, jak to mo\u017cliweprzejd\u017a do oferty us\u0142ugWPROWAD\u0179 \u017b\u0104DANIE TRANSPORTU Please enable JavaScript in your browser to complete this form. TRANZYT * Import Export RODZAJ PRZETWARZANIA * Transport ci\u0119\u017carowy Transport intermodalny Transport kolejowy RODZAJ PRZYGOTOWANIA * FTL &#8211; transport ca\u0142opojazdowy LTL &#8211; [&hellip;]<\/p>\n","protected":false},"author":5,"featured_media":0,"parent":0,"menu_order":0,"comment_status":"closed","ping_status":"closed","template":"","meta":{"inline_featured_image":false},"yoast_head":"<!-- This site is optimized with the Yoast SEO plugin v18.7 - https:\/\/yoast.com\/wordpress\/plugins\/seo\/ -->\n<title>Kalkulacja ceny<\/title>\n<meta name=\"description\" content=\"[bt_section layout=&quot;boxed&quot; top_spaced=&quot;topExtraSpaced&quot; bottom_spaced=&quot;bottomMoreSpaced&quot; skin=&quot;dark&quot; full_screen=&quot;no&quot; vertical_align=&quot;btMiddleVertical&quot; divider=&quot;no&quot; back_image=&quot;2853&quot; back_color=&quot;&quot; back_video=&quot;&quot; video_settings=&quot;&quot; parallax=&quot;0.1&quot; parallax_offset=&quot;-50&quot; el_id=&quot;&quot; el_class=&quot;&quot; el_style=&quot;&quot;][bt_row][bt_column width=&quot;1\/1&quot; align=&quot;left&quot; vertical_align=&quot;inherit&quot; border=&quot;no_border&quot; cell_padding=&quot;default&quot; animation=&quot;animate animate-fadein animate-moveleft&quot; text_indent=&quot;no_text_indent&quot; highlight=&quot;no_highlight&quot; background_color=&quot;&quot; transparent=&quot;&quot; el_class=&quot;&quot; el_style=&quot;&quot; background_image=&quot;&quot;][bt_header superheadline=&quot;Co zyskasz dzi\u0119ki wsp\u00f3\u0142pracy z nami?&quot; headline=&quot;Uzyskaj wycen\u0119 wysy\u0142ki&quot; headline_size=&quot;large&quot; title_style=&quot;btRegularTitle&quot; dash=&quot;bottom&quot; dash_style=&quot;btAccentDash&quot; subheadline=&quot;Nasz zesp\u00f3\u0142 skontaktuje si\u0119 z Tob\u0105 tak szybko, jak to&hellip;\" \/>\n<meta name=\"robots\" content=\"index, follow, max-snippet:-1, max-image-preview:large, max-video-preview:-1\" \/>\n<link rel=\"canonical\" href=\"https:\/\/c-t.sk\/vypocet-ceny\/\" \/>\n<meta property=\"og:locale\" content=\"pl_PL\" \/>\n<meta property=\"og:type\" content=\"article\" \/>\n<meta property=\"og:title\" content=\"Kalkulacja ceny\" \/>\n<meta property=\"og:description\" content=\"[bt_section layout=&quot;boxed&quot; top_spaced=&quot;topExtraSpaced&quot; bottom_spaced=&quot;bottomMoreSpaced&quot; skin=&quot;dark&quot; full_screen=&quot;no&quot; vertical_align=&quot;btMiddleVertical&quot; divider=&quot;no&quot; back_image=&quot;2853&quot; back_color=&quot;&quot; back_video=&quot;&quot; video_settings=&quot;&quot; parallax=&quot;0.1&quot; parallax_offset=&quot;-50&quot; el_id=&quot;&quot; el_class=&quot;&quot; el_style=&quot;&quot;][bt_row][bt_column width=&quot;1\/1&quot; align=&quot;left&quot; vertical_align=&quot;inherit&quot; border=&quot;no_border&quot; cell_padding=&quot;default&quot; animation=&quot;animate animate-fadein animate-moveleft&quot; text_indent=&quot;no_text_indent&quot; highlight=&quot;no_highlight&quot; background_color=&quot;&quot; transparent=&quot;&quot; el_class=&quot;&quot; el_style=&quot;&quot; background_image=&quot;&quot;][bt_header superheadline=&quot;Co zyskasz dzi\u0119ki wsp\u00f3\u0142pracy z nami?&quot; headline=&quot;Uzyskaj wycen\u0119 wysy\u0142ki&quot; headline_size=&quot;large&quot; title_style=&quot;btRegularTitle&quot; dash=&quot;bottom&quot; dash_style=&quot;btAccentDash&quot; subheadline=&quot;Nasz zesp\u00f3\u0142 skontaktuje si\u0119 z Tob\u0105 tak szybko, jak to&hellip;\" \/>\n<meta property=\"og:url\" content=\"https:\/\/c-t.sk\/vypocet-ceny\/\" \/>\n<meta property=\"og:site_name\" content=\"C&amp;T a.s.\" \/>\n<meta property=\"article:modified_time\" content=\"2024-01-09T12:49:01+00:00\" \/>\n<meta name=\"twitter:card\" content=\"summary_large_image\" \/>\n<meta name=\"twitter:label1\" content=\"Szacowany czas czytania\" \/>\n\t<meta name=\"twitter:data1\" content=\"2 minuty\" \/>\n<script type=\"application\/ld+json\" class=\"yoast-schema-graph\">{\"@context\":\"https:\/\/schema.org\",\"@graph\":[{\"@type\":\"WebSite\",\"@id\":\"https:\/\/c-t.sk\/#website\",\"url\":\"https:\/\/c-t.sk\/\",\"name\":\"C&T a.s.\",\"description\":\"Kami\u00f3nov\u00e1 doprava. Intermodal. \u017deleznica. Coln\u00e9 slu\u017eby.\",\"potentialAction\":[{\"@type\":\"SearchAction\",\"target\":{\"@type\":\"EntryPoint\",\"urlTemplate\":\"https:\/\/c-t.sk\/?s={search_term_string}\"},\"query-input\":\"required name=search_term_string\"}],\"inLanguage\":\"pl-PL\"},{\"@type\":\"WebPage\",\"@id\":\"https:\/\/c-t.sk\/vypocet-ceny\/#webpage\",\"url\":\"https:\/\/c-t.sk\/vypocet-ceny\/\",\"name\":\"V\u00fdpo\u010det ceny - C&T a.s.\",\"isPartOf\":{\"@id\":\"https:\/\/c-t.sk\/#website\"},\"datePublished\":\"2015-10-09T13:40:00+00:00\",\"dateModified\":\"2024-01-09T12:49:01+00:00\",\"breadcrumb\":{\"@id\":\"https:\/\/c-t.sk\/vypocet-ceny\/#breadcrumb\"},\"inLanguage\":\"pl-PL\",\"potentialAction\":[{\"@type\":\"ReadAction\",\"target\":[\"https:\/\/c-t.sk\/vypocet-ceny\/\"]}]},{\"@type\":\"BreadcrumbList\",\"@id\":\"https:\/\/c-t.sk\/vypocet-ceny\/#breadcrumb\",\"itemListElement\":[{\"@type\":\"ListItem\",\"position\":1,\"name\":\"Home\",\"item\":\"https:\/\/c-t.sk\/\"},{\"@type\":\"ListItem\",\"position\":2,\"name\":\"V\u00fdpo\u010det ceny\"}]}]}<\/script>\n<!-- \/ Yoast SEO plugin. -->","yoast_head_json":{"title":"Kalkulacja ceny","description":"[bt_section layout=\"boxed\" top_spaced=\"topExtraSpaced\" bottom_spaced=\"bottomMoreSpaced\" skin=\"dark\" full_screen=\"no\" vertical_align=\"btMiddleVertical\" divider=\"no\" back_image=\"2853\" back_color=\"\" back_video=\"\" video_settings=\"\" parallax=\"0.1\" parallax_offset=\"-50\" el_id=\"\" el_class=\"\" el_style=\"\"][bt_row][bt_column width=\"1\/1\" align=\"left\" vertical_align=\"inherit\" border=\"no_border\" cell_padding=\"default\" animation=\"animate animate-fadein animate-moveleft\" text_indent=\"no_text_indent\" highlight=\"no_highlight\" background_color=\"\" transparent=\"\" el_class=\"\" el_style=\"\" background_image=\"\"][bt_header superheadline=\"Co zyskasz dzi\u0119ki wsp\u00f3\u0142pracy z nami?\" headline=\"Uzyskaj wycen\u0119 wysy\u0142ki\" headline_size=\"large\" title_style=\"btRegularTitle\" dash=\"bottom\" dash_style=\"btAccentDash\" subheadline=\"Nasz zesp\u00f3\u0142 skontaktuje si\u0119 z Tob\u0105 tak szybko, jak to&hellip;","robots":{"index":"index","follow":"follow","max-snippet":"max-snippet:-1","max-image-preview":"max-image-preview:large","max-video-preview":"max-video-preview:-1"},"canonical":"https:\/\/c-t.sk\/vypocet-ceny\/","og_locale":"pl_PL","og_type":"article","og_title":"Kalkulacja ceny","og_description":"[bt_section layout=\"boxed\" top_spaced=\"topExtraSpaced\" bottom_spaced=\"bottomMoreSpaced\" skin=\"dark\" full_screen=\"no\" vertical_align=\"btMiddleVertical\" divider=\"no\" back_image=\"2853\" back_color=\"\" back_video=\"\" video_settings=\"\" parallax=\"0.1\" parallax_offset=\"-50\" el_id=\"\" el_class=\"\" el_style=\"\"][bt_row][bt_column width=\"1\/1\" align=\"left\" vertical_align=\"inherit\" border=\"no_border\" cell_padding=\"default\" animation=\"animate animate-fadein animate-moveleft\" text_indent=\"no_text_indent\" highlight=\"no_highlight\" background_color=\"\" transparent=\"\" el_class=\"\" el_style=\"\" background_image=\"\"][bt_header superheadline=\"Co zyskasz dzi\u0119ki wsp\u00f3\u0142pracy z nami?\" headline=\"Uzyskaj wycen\u0119 wysy\u0142ki\" headline_size=\"large\" title_style=\"btRegularTitle\" dash=\"bottom\" dash_style=\"btAccentDash\" subheadline=\"Nasz zesp\u00f3\u0142 skontaktuje si\u0119 z Tob\u0105 tak szybko, jak to&hellip;","og_url":"https:\/\/c-t.sk\/vypocet-ceny\/","og_site_name":"C&T a.s.","article_modified_time":"2024-01-09T12:49:01+00:00","twitter_card":"summary_large_image","twitter_misc":{"Szacowany czas czytania":"2 minuty"},"schema":{"@context":"https:\/\/schema.org","@graph":[{"@type":"WebSite","@id":"https:\/\/c-t.sk\/#website","url":"https:\/\/c-t.sk\/","name":"C&T a.s.","description":"Kami\u00f3nov\u00e1 doprava. Intermodal. \u017deleznica. Coln\u00e9 slu\u017eby.","potentialAction":[{"@type":"SearchAction","target":{"@type":"EntryPoint","urlTemplate":"https:\/\/c-t.sk\/?s={search_term_string}"},"query-input":"required name=search_term_string"}],"inLanguage":"pl-PL"},{"@type":"WebPage","@id":"https:\/\/c-t.sk\/vypocet-ceny\/#webpage","url":"https:\/\/c-t.sk\/vypocet-ceny\/","name":"V\u00fdpo\u010det ceny - C&T a.s.","isPartOf":{"@id":"https:\/\/c-t.sk\/#website"},"datePublished":"2015-10-09T13:40:00+00:00","dateModified":"2024-01-09T12:49:01+00:00","breadcrumb":{"@id":"https:\/\/c-t.sk\/vypocet-ceny\/#breadcrumb"},"inLanguage":"pl-PL","potentialAction":[{"@type":"ReadAction","target":["https:\/\/c-t.sk\/vypocet-ceny\/"]}]},{"@type":"BreadcrumbList","@id":"https:\/\/c-t.sk\/vypocet-ceny\/#breadcrumb","itemListElement":[{"@type":"ListItem","position":1,"name":"Home","item":"https:\/\/c-t.sk\/"},{"@type":"ListItem","position":2,"name":"V\u00fdpo\u010det ceny"}]}]}},"_links":{"self":[{"href":"https:\/\/c-t.sk\/wp-json\/wp\/v2\/pages\/987"}],"collection":[{"href":"https:\/\/c-t.sk\/wp-json\/wp\/v2\/pages"}],"about":[{"href":"https:\/\/c-t.sk\/wp-json\/wp\/v2\/types\/page"}],"author":[{"embeddable":true,"href":"https:\/\/c-t.sk\/wp-json\/wp\/v2\/users\/5"}],"replies":[{"embeddable":true,"href":"https:\/\/c-t.sk\/wp-json\/wp\/v2\/comments?post=987"}],"version-history":[{"count":15,"href":"https:\/\/c-t.sk\/wp-json\/wp\/v2\/pages\/987\/revisions"}],"predecessor-version":[{"id":3439,"href":"https:\/\/c-t.sk\/wp-json\/wp\/v2\/pages\/987\/revisions\/3439"}],"wp:attachment":[{"href":"https:\/\/c-t.sk\/wp-json\/wp\/v2\/media?parent=987"}],"curies":[{"name":"wp","href":"https:\/\/api.w.org\/{rel}","templated":true}]}}