{"id":2823,"date":"2023-12-29T11:55:17","date_gmt":"2023-12-29T11:55:17","guid":{"rendered":"https:\/\/c-t.sk\/?page_id=2823"},"modified":"2024-02-26T08:11:54","modified_gmt":"2024-02-26T08:11:54","slug":"skladovanie-warehouse","status":"publish","type":"page","link":"https:\/\/c-t.sk\/nase-sluzby\/skladovanie-warehouse\/","title":{"rendered":"Magazynowanie"},"content":{"rendered":"<div class=\"bt_rc_container\"><section id=\"bt_section69f500d7419ee\"  class=\"boldSection topExtraSpaced bottomMoreSpaced btDarkSkin gutter inherit wBackground cover\" style=\"background-image:url('https:\/\/c-t.sk\/wp-content\/uploads\/2023\/12\/skladovanie-warehouse-CT.jpg');\"><div class=\"port\"><div class=\"boldCell\"><div class=\"boldCellInner\"><div class=\"boldRow \" ><div class=\"rowItem col-md-12 col-ms-12  btTextLeft animate animate-fadein animate-moveleft btMiddleVertical\"  ><div class=\"rowItemContent\"><header class=\"header btClear extralarge btDash bottomDash  btAlternateDash btRegularTitle\" style=\"max-width: 800px;\"><div class=\"dash\"><h1><span class=\"headline\">Magazynowanie<\/span><\/h1><\/div><\/header><div class=\"btClear btSeparator topExtraSmallSpaced noBorder\" ><hr><\/div><div class=\"btBtn btBtn btnFilled btnIconLeftPosition btnNormalColor btnBig btnNormal btnIco\" ><div class=\"btIco borderless extrasmall\"><a href=\"tel:+421911723075\"  data-ico-fa=\"&#xf095;\" class=\"btIcoHolder\"><span>+421 911 723 075<\/span><\/a><\/div><\/div><\/div><\/div><\/div><\/div><\/div><\/div><\/section><section id=\"bt_section69f500d7424b8\"  class=\"boldSection topSemiSpaced bottomSemiSpaced gutter inherit\" ><div class=\"port\"><div class=\"boldCell\"><div class=\"boldCellInner\"><div class=\"boldRow \" ><div class=\"rowItem col-md-12 col-ms-12  btTextLeft btTopVertical\"  ><div class=\"rowItemContent\"><div class=\"btClear btSeparator topSemiSpaced noBorder\" ><hr><\/div><header class=\"header btClear large btDash bottomDash  btAlternateDash btDarkAccentTitle\" ><div class=\"dash\"><h2><span class=\"headline\">Innowacyjno\u015b\u0107. Wydajny. Kompleksowo\u015b\u0107.<\/span><\/h2><\/div><\/header><div class=\"btClear btSeparator topExtraSmallSpaced noBorder border-mobile\" ><hr><\/div><div class=\"btText\"><h6><span style=\"font-weight: 400;\">Kr\u00f3tko- i d\u0142ugoterminowe uzupe\u0142nianie zapas\u00f3w za pomoc\u0105 us\u0142ug outsourcingowych<\/span><\/h6>\n<\/div><\/div><\/div><\/div><div class=\"boldRow \" ><div class=\"rowItem col-md-12 col-ms-12  btTextLeft btMiddleVertical\"  ><div class=\"rowItemContent\"><div class=\"btClear btSeparator topSmallSpaced bottomSmallSpaced noBorder\" ><hr><\/div><\/div><\/div><\/div><div class=\"boldRow \" ><div class=\"rowItem col-sm-6 col-ms-12 btTextCenter btHighlight inherit btDoublePadding\"  ><div class=\"rowItemContent\"><div class=\"btClear btSeparator topSemiSpaced noBorder\" ><hr><\/div><div class=\"servicesItem  mediumIcon defaultIconType \"><div class=\"sIcon\"><div class=\"btIco medium default\"><span  data-ico-fa=\"&#xf124;\" class=\"btIcoHolder\"><\/span><\/div><\/div><div class=\"sTxt\"><header class=\"header btClear extrasmall\" ><div class=\"dash\"><h4><span class=\"headline\">Magazyn po\u0142o\u017cony w Ru\u017comberku<\/span><\/h4><\/div><\/header><p><\/p><\/div><\/div><div class=\"btClear btSeparator bottomSemiSpaced noBorder\" ><hr><\/div><\/div><\/div><div class=\"rowItem col-sm-6 col-ms-12 btTextCenter btHighlight inherit btDoublePadding\"  ><div class=\"rowItemContent\"><div class=\"btClear btSeparator topSemiSpaced noBorder\" ><hr><\/div><div class=\"servicesItem  mediumIcon defaultIconType \"><div class=\"sIcon\"><div class=\"btIco medium default\"><span  data-ico-cs=\"&#xe650;\" class=\"btIcoHolder\"><\/span><\/div><\/div><div class=\"sTxt\"><header class=\"header btClear extrasmall\" ><div class=\"dash\"><h4><span class=\"headline\">Strategiczna lokalizacja &#8211; tranzyt ci\u0119\u017car\u00f3wek<\/span><\/h4><\/div><\/header><p><\/p><\/div><\/div><div class=\"btClear btSeparator bottomSemiSpaced noBorder\" ><hr><\/div><\/div><\/div><\/div><div class=\"boldRow \" ><div class=\"rowItem col-md-12 col-ms-12  btTextCenter inherit btDoublePadding\"  ><div class=\"rowItemContent\"><div class=\"btClear btSeparator topSmallSpaced noBorder border-mobile-new\" ><hr><\/div><\/div><\/div><\/div><div class=\"boldRow \" ><div class=\"rowItem col-sm-6 col-ms-12 btTextCenter btHighlight inherit btDoublePadding\"  ><div class=\"rowItemContent\"><div class=\"btClear btSeparator topSemiSpaced noBorder\" ><hr><\/div><div class=\"servicesItem  mediumIcon defaultIconType \"><div class=\"sIcon\"><div class=\"btIco medium default\"><span  data-ico-cs=\"&#xe60c;\" class=\"btIcoHolder\"><\/span><\/div><\/div><div class=\"sTxt\"><header class=\"header btClear extrasmall\" ><div class=\"dash\"><h4><span class=\"headline\">W naszych mo\u017cliwo\u015bciach jest zar\u00f3wno oferta powierzchni, jak i zadaszenie us\u0142ug logistycznych<\/span><\/h4><\/div><\/header><p><\/p><\/div><\/div><div class=\"btClear btSeparator bottomSemiSpaced noBorder\" ><hr><\/div><\/div><\/div><div class=\"rowItem col-sm-6 col-ms-12 btTextCenter btHighlight inherit btDoublePadding\"  ><div class=\"rowItemContent\"><div class=\"btClear btSeparator topSemiSpaced noBorder\" ><hr><\/div><div class=\"servicesItem  mediumIcon defaultIconType \"><div class=\"sIcon\"><div class=\"btIco medium default\"><span  data-ico-cs=\"&#xe60d;\" class=\"btIcoHolder\"><\/span><\/div><\/div><div class=\"sTxt\"><header class=\"header btClear extrasmall\" ><div class=\"dash\"><h4><span class=\"headline\">Zapewniamy mo\u017cliwo\u015b\u0107 wynajmu ca\u0142ej hali lub cz\u0119\u015bci magazynu w zale\u017cno\u015bci od m2.<\/span><\/h4><\/div><\/header><p><\/p><\/div><\/div><div class=\"btClear btSeparator bottomSemiSpaced noBorder\" ><hr><\/div><\/div><\/div><\/div><\/div><\/div><\/div><\/section><section id=\"bt_section69f500d74341b\"  class=\"boldSection bottomMoreSpaced btLightSkin gutter btMiddleVertical\" ><div class=\"port\"><div class=\"boldCell\"><div class=\"boldCellInner\"><div class=\"boldRow \" ><div class=\"rowItem col-md-12 col-ms-12  btTextCenter inherit btDoublePadding\" style=\"background-color: rgba(244, 244, 244, 1);\" ><div class=\"rowItemContent\"><div class=\"btClear btSeparator topSemiSpaced noBorder\" ><hr><\/div><header class=\"header btClear medium btDash bottomDash  btAccentDash btRegularTitle\" ><div class=\"dash\"><h3><span class=\"headline\">Nie masz do\u015bwiadczenia z magazynowaniem?<\/span><\/h3><\/div><\/header><\/div><\/div><\/div><div class=\"boldRow \" ><div class=\"rowItem col-md-12 col-ms-12  btTextCenter inherit\" style=\"background-color: rgba(244, 244, 244, 1);\" ><div class=\"rowItemContent\"><div class=\"btClear btSeparator topExtraSmallSpaced noBorder\" ><hr><\/div><div class=\"btText\"><h6><span style=\"font-weight: 400; font-size: 18px;\">Przeka\u017cemy Ci informacje na temat zalet i korzy\u015bci p\u0142yn\u0105cych z przechowywania w naszych magazynach.<\/span><\/h6>\n<h6><span style=\"font-weight: 400; font-size: 18px;\">Skonsultuj si\u0119 z naszym specjalist\u0105 ds. magazynu.<\/span><\/h6>\n<\/div><div class=\"btClear btSeparator topSemiSpaced noBorder\" ><hr><\/div><header class=\"header btClear medium btDash bottomDash  btAccentDash btRegularTitle\" ><div class=\"dash\"><h3><span class=\"headline\">Kristi\u00e1n Luka\u010dik<\/span><\/h3><\/div><p class=\"btSubTitle\">Warehousing<\/p><\/header><div class=\"btClear btSeparator topExtraSmallSpaced noBorder\" ><hr><\/div><div class=\"btBtn btBtn btnFilled btnIconLeftPosition btnNormalColor btnSmall btnNormal celozvozove-zasielky-cta-zavolajte-nam btnIco\" ><div class=\"btIco borderless extrasmall\"><a href=\"tel:+421911723075\"  data-ico-fa=\"&#xf095;\" class=\"btIcoHolder\"><span>+421 911 723 075<\/span><\/a><\/div><\/div><div class=\"btClear btSeparator topExtraSmallSpaced noBorder border-mobile\" ><hr><\/div><div class=\"btBtn btBtn btnFilled btnIconLeftPosition btnAccentColor btnSmall btnNormal celozvozove-zasielky-cta-zavolajte-nam btnIco\" ><div class=\"btIco borderless extrasmall\"><a href=\"mailto:lukacik@c-t.sk\"  data-ico-s7=\"&#xe639;\" class=\"btIcoHolder\"><span>lukacik@c-t.sk<\/span><\/a><\/div><\/div><div class=\"btClear btSeparator topSemiSpaced noBorder\" ><hr><\/div><\/div><\/div><\/div><\/div><\/div><\/div><\/section><\/div>","protected":false},"excerpt":{"rendered":"<p>Magazynowanie+421 911 723 075Innowacyjno\u015b\u0107. Wydajny. Kompleksowo\u015b\u0107.Kr\u00f3tko- i d\u0142ugoterminowe uzupe\u0142nianie zapas\u00f3w za pomoc\u0105 us\u0142ug outsourcingowych Magazyn po\u0142o\u017cony w Ru\u017comberkuStrategiczna lokalizacja &#8211; tranzyt ci\u0119\u017car\u00f3wekW naszych mo\u017cliwo\u015bciach jest zar\u00f3wno oferta powierzchni, jak i zadaszenie us\u0142ug logistycznychZapewniamy mo\u017cliwo\u015b\u0107 wynajmu ca\u0142ej hali lub cz\u0119\u015bci magazynu w zale\u017cno\u015bci od m2.Nie masz do\u015bwiadczenia z magazynowaniem?Przeka\u017cemy Ci informacje na temat zalet i korzy\u015bci [&hellip;]<\/p>\n","protected":false},"author":5,"featured_media":0,"parent":56,"menu_order":0,"comment_status":"closed","ping_status":"closed","template":"","meta":{"inline_featured_image":false},"yoast_head":"<!-- This site is optimized with the Yoast SEO plugin v18.7 - https:\/\/yoast.com\/wordpress\/plugins\/seo\/ -->\n<title>Magazynowanie<\/title>\n<meta name=\"description\" content=\"[bt_section layout=&quot;boxed&quot; top_spaced=&quot;topExtraSpaced&quot; bottom_spaced=&quot;bottomMoreSpaced&quot; skin=&quot;dark&quot; full_screen=&quot;no&quot; vertical_align=&quot;inherit&quot; divider=&quot;no&quot; back_image=&quot;3225&quot; back_color=&quot;&quot; back_video=&quot;&quot; video_settings=&quot;&quot; parallax=&quot;&quot; parallax_offset=&quot;&quot; el_id=&quot;&quot; el_class=&quot;&quot; el_style=&quot;&quot;][bt_row][bt_column width=&quot;1\/1&quot; align=&quot;left&quot; vertical_align=&quot;btMiddleVertical&quot; border=&quot;no_border&quot; cell_padding=&quot;default&quot; animation=&quot;animate animate-fadein animate-moveleft&quot; text_indent=&quot;no_text_indent&quot; highlight=&quot;no_highlight&quot; background_color=&quot;&quot; transparent=&quot;&quot; background_image=&quot;&quot; el_class=&quot;&quot; el_style=&quot;&quot;][bt_header superheadline=&quot;&quot; headline=&quot;Magazynowanie&quot; headline_size=&quot;extralarge&quot; title_style=&quot;btRegularTitle&quot; dash=&quot;bottom&quot; dash_style=&quot;btAlternateDash&quot; subheadline=&quot;&quot; el_class=&quot;&quot; el_style=&quot;max-width: 800px;&quot;][\/bt_header][bt_hr top_spaced=&quot;topExtraSmallSpaced&quot; bottom_spaced=&quot;not-spaced&quot; transparent_border=&quot;noBorder&quot; el_class=&quot;&quot; el_style=&quot;&quot;][\/bt_hr][bt_button text=&quot;+421 911 723 075&quot; icon=&quot;fa_f095&quot; url=&quot;tel:+421911723075&quot; target=&quot;no_target&quot; style=&quot;Filled&quot;&hellip;\" \/>\n<meta name=\"robots\" content=\"index, follow, max-snippet:-1, max-image-preview:large, max-video-preview:-1\" \/>\n<link rel=\"canonical\" href=\"https:\/\/c-t.sk\/nase-sluzby\/skladovanie-warehouse\/\" \/>\n<meta property=\"og:locale\" content=\"pl_PL\" \/>\n<meta property=\"og:type\" content=\"article\" \/>\n<meta property=\"og:title\" content=\"Magazynowanie\" \/>\n<meta property=\"og:description\" content=\"[bt_section layout=&quot;boxed&quot; top_spaced=&quot;topExtraSpaced&quot; bottom_spaced=&quot;bottomMoreSpaced&quot; skin=&quot;dark&quot; full_screen=&quot;no&quot; vertical_align=&quot;inherit&quot; divider=&quot;no&quot; back_image=&quot;3225&quot; back_color=&quot;&quot; back_video=&quot;&quot; video_settings=&quot;&quot; parallax=&quot;&quot; parallax_offset=&quot;&quot; el_id=&quot;&quot; el_class=&quot;&quot; el_style=&quot;&quot;][bt_row][bt_column width=&quot;1\/1&quot; align=&quot;left&quot; vertical_align=&quot;btMiddleVertical&quot; border=&quot;no_border&quot; cell_padding=&quot;default&quot; animation=&quot;animate animate-fadein animate-moveleft&quot; text_indent=&quot;no_text_indent&quot; highlight=&quot;no_highlight&quot; background_color=&quot;&quot; transparent=&quot;&quot; background_image=&quot;&quot; el_class=&quot;&quot; el_style=&quot;&quot;][bt_header superheadline=&quot;&quot; headline=&quot;Magazynowanie&quot; headline_size=&quot;extralarge&quot; title_style=&quot;btRegularTitle&quot; dash=&quot;bottom&quot; dash_style=&quot;btAlternateDash&quot; subheadline=&quot;&quot; el_class=&quot;&quot; el_style=&quot;max-width: 800px;&quot;][\/bt_header][bt_hr top_spaced=&quot;topExtraSmallSpaced&quot; bottom_spaced=&quot;not-spaced&quot; transparent_border=&quot;noBorder&quot; el_class=&quot;&quot; el_style=&quot;&quot;][\/bt_hr][bt_button text=&quot;+421 911 723 075&quot; icon=&quot;fa_f095&quot; url=&quot;tel:+421911723075&quot; target=&quot;no_target&quot; style=&quot;Filled&quot;&hellip;\" \/>\n<meta property=\"og:url\" content=\"https:\/\/c-t.sk\/nase-sluzby\/skladovanie-warehouse\/\" \/>\n<meta property=\"og:site_name\" content=\"C&amp;T a.s.\" \/>\n<meta property=\"article:modified_time\" content=\"2024-02-26T08:11:54+00:00\" \/>\n<meta name=\"twitter:card\" content=\"summary_large_image\" \/>\n<meta name=\"twitter:label1\" content=\"Szacowany czas czytania\" \/>\n\t<meta name=\"twitter:data1\" content=\"6 minut\" \/>\n<script type=\"application\/ld+json\" class=\"yoast-schema-graph\">{\"@context\":\"https:\/\/schema.org\",\"@graph\":[{\"@type\":\"WebSite\",\"@id\":\"https:\/\/c-t.sk\/#website\",\"url\":\"https:\/\/c-t.sk\/\",\"name\":\"C&T a.s.\",\"description\":\"Kami\u00f3nov\u00e1 doprava. Intermodal. \u017deleznica. Coln\u00e9 slu\u017eby.\",\"potentialAction\":[{\"@type\":\"SearchAction\",\"target\":{\"@type\":\"EntryPoint\",\"urlTemplate\":\"https:\/\/c-t.sk\/?s={search_term_string}\"},\"query-input\":\"required name=search_term_string\"}],\"inLanguage\":\"pl-PL\"},{\"@type\":\"WebPage\",\"@id\":\"https:\/\/c-t.sk\/nase-sluzby\/skladovanie-warehouse\/#webpage\",\"url\":\"https:\/\/c-t.sk\/nase-sluzby\/skladovanie-warehouse\/\",\"name\":\"Skladovanie-Warehouse - C&T a.s.\",\"isPartOf\":{\"@id\":\"https:\/\/c-t.sk\/#website\"},\"datePublished\":\"2023-12-29T11:55:17+00:00\",\"dateModified\":\"2024-02-26T08:11:54+00:00\",\"breadcrumb\":{\"@id\":\"https:\/\/c-t.sk\/nase-sluzby\/skladovanie-warehouse\/#breadcrumb\"},\"inLanguage\":\"pl-PL\",\"potentialAction\":[{\"@type\":\"ReadAction\",\"target\":[\"https:\/\/c-t.sk\/nase-sluzby\/skladovanie-warehouse\/\"]}]},{\"@type\":\"BreadcrumbList\",\"@id\":\"https:\/\/c-t.sk\/nase-sluzby\/skladovanie-warehouse\/#breadcrumb\",\"itemListElement\":[{\"@type\":\"ListItem\",\"position\":1,\"name\":\"Home\",\"item\":\"https:\/\/c-t.sk\/\"},{\"@type\":\"ListItem\",\"position\":2,\"name\":\"Na\u0161e slu\u017eby\",\"item\":\"https:\/\/c-t.sk\/nase-sluzby\/\"},{\"@type\":\"ListItem\",\"position\":3,\"name\":\"Skladovanie-Warehouse\"}]}]}<\/script>\n<!-- \/ Yoast SEO plugin. -->","yoast_head_json":{"title":"Magazynowanie","description":"[bt_section layout=\"boxed\" top_spaced=\"topExtraSpaced\" bottom_spaced=\"bottomMoreSpaced\" skin=\"dark\" full_screen=\"no\" vertical_align=\"inherit\" divider=\"no\" back_image=\"3225\" back_color=\"\" back_video=\"\" video_settings=\"\" parallax=\"\" parallax_offset=\"\" el_id=\"\" el_class=\"\" el_style=\"\"][bt_row][bt_column width=\"1\/1\" align=\"left\" vertical_align=\"btMiddleVertical\" border=\"no_border\" cell_padding=\"default\" animation=\"animate animate-fadein animate-moveleft\" text_indent=\"no_text_indent\" highlight=\"no_highlight\" background_color=\"\" transparent=\"\" background_image=\"\" el_class=\"\" el_style=\"\"][bt_header superheadline=\"\" headline=\"Magazynowanie\" headline_size=\"extralarge\" title_style=\"btRegularTitle\" dash=\"bottom\" dash_style=\"btAlternateDash\" subheadline=\"\" el_class=\"\" el_style=\"max-width: 800px;\"][\/bt_header][bt_hr top_spaced=\"topExtraSmallSpaced\" bottom_spaced=\"not-spaced\" transparent_border=\"noBorder\" el_class=\"\" el_style=\"\"][\/bt_hr][bt_button text=\"+421 911 723 075\" icon=\"fa_f095\" url=\"tel:+421911723075\" target=\"no_target\" style=\"Filled\"&hellip;","robots":{"index":"index","follow":"follow","max-snippet":"max-snippet:-1","max-image-preview":"max-image-preview:large","max-video-preview":"max-video-preview:-1"},"canonical":"https:\/\/c-t.sk\/nase-sluzby\/skladovanie-warehouse\/","og_locale":"pl_PL","og_type":"article","og_title":"Magazynowanie","og_description":"[bt_section layout=\"boxed\" top_spaced=\"topExtraSpaced\" bottom_spaced=\"bottomMoreSpaced\" skin=\"dark\" full_screen=\"no\" vertical_align=\"inherit\" divider=\"no\" back_image=\"3225\" back_color=\"\" back_video=\"\" video_settings=\"\" parallax=\"\" parallax_offset=\"\" el_id=\"\" el_class=\"\" el_style=\"\"][bt_row][bt_column width=\"1\/1\" align=\"left\" vertical_align=\"btMiddleVertical\" border=\"no_border\" cell_padding=\"default\" animation=\"animate animate-fadein animate-moveleft\" text_indent=\"no_text_indent\" highlight=\"no_highlight\" background_color=\"\" transparent=\"\" background_image=\"\" el_class=\"\" el_style=\"\"][bt_header superheadline=\"\" headline=\"Magazynowanie\" headline_size=\"extralarge\" title_style=\"btRegularTitle\" dash=\"bottom\" dash_style=\"btAlternateDash\" subheadline=\"\" el_class=\"\" el_style=\"max-width: 800px;\"][\/bt_header][bt_hr top_spaced=\"topExtraSmallSpaced\" bottom_spaced=\"not-spaced\" transparent_border=\"noBorder\" el_class=\"\" el_style=\"\"][\/bt_hr][bt_button text=\"+421 911 723 075\" icon=\"fa_f095\" url=\"tel:+421911723075\" target=\"no_target\" style=\"Filled\"&hellip;","og_url":"https:\/\/c-t.sk\/nase-sluzby\/skladovanie-warehouse\/","og_site_name":"C&T a.s.","article_modified_time":"2024-02-26T08:11:54+00:00","twitter_card":"summary_large_image","twitter_misc":{"Szacowany czas czytania":"6 minut"},"schema":{"@context":"https:\/\/schema.org","@graph":[{"@type":"WebSite","@id":"https:\/\/c-t.sk\/#website","url":"https:\/\/c-t.sk\/","name":"C&T a.s.","description":"Kami\u00f3nov\u00e1 doprava. Intermodal. \u017deleznica. Coln\u00e9 slu\u017eby.","potentialAction":[{"@type":"SearchAction","target":{"@type":"EntryPoint","urlTemplate":"https:\/\/c-t.sk\/?s={search_term_string}"},"query-input":"required name=search_term_string"}],"inLanguage":"pl-PL"},{"@type":"WebPage","@id":"https:\/\/c-t.sk\/nase-sluzby\/skladovanie-warehouse\/#webpage","url":"https:\/\/c-t.sk\/nase-sluzby\/skladovanie-warehouse\/","name":"Skladovanie-Warehouse - C&T a.s.","isPartOf":{"@id":"https:\/\/c-t.sk\/#website"},"datePublished":"2023-12-29T11:55:17+00:00","dateModified":"2024-02-26T08:11:54+00:00","breadcrumb":{"@id":"https:\/\/c-t.sk\/nase-sluzby\/skladovanie-warehouse\/#breadcrumb"},"inLanguage":"pl-PL","potentialAction":[{"@type":"ReadAction","target":["https:\/\/c-t.sk\/nase-sluzby\/skladovanie-warehouse\/"]}]},{"@type":"BreadcrumbList","@id":"https:\/\/c-t.sk\/nase-sluzby\/skladovanie-warehouse\/#breadcrumb","itemListElement":[{"@type":"ListItem","position":1,"name":"Home","item":"https:\/\/c-t.sk\/"},{"@type":"ListItem","position":2,"name":"Na\u0161e slu\u017eby","item":"https:\/\/c-t.sk\/nase-sluzby\/"},{"@type":"ListItem","position":3,"name":"Skladovanie-Warehouse"}]}]}},"_links":{"self":[{"href":"https:\/\/c-t.sk\/wp-json\/wp\/v2\/pages\/2823"}],"collection":[{"href":"https:\/\/c-t.sk\/wp-json\/wp\/v2\/pages"}],"about":[{"href":"https:\/\/c-t.sk\/wp-json\/wp\/v2\/types\/page"}],"author":[{"embeddable":true,"href":"https:\/\/c-t.sk\/wp-json\/wp\/v2\/users\/5"}],"replies":[{"embeddable":true,"href":"https:\/\/c-t.sk\/wp-json\/wp\/v2\/comments?post=2823"}],"version-history":[{"count":33,"href":"https:\/\/c-t.sk\/wp-json\/wp\/v2\/pages\/2823\/revisions"}],"predecessor-version":[{"id":3534,"href":"https:\/\/c-t.sk\/wp-json\/wp\/v2\/pages\/2823\/revisions\/3534"}],"up":[{"embeddable":true,"href":"https:\/\/c-t.sk\/wp-json\/wp\/v2\/pages\/56"}],"wp:attachment":[{"href":"https:\/\/c-t.sk\/wp-json\/wp\/v2\/media?parent=2823"}],"curies":[{"name":"wp","href":"https:\/\/api.w.org\/{rel}","templated":true}]}}