{"id":2719,"date":"2022-11-04T11:58:58","date_gmt":"2022-11-04T11:58:58","guid":{"rendered":"https:\/\/c-t.sk\/?page_id=2719"},"modified":"2022-11-04T12:37:55","modified_gmt":"2022-11-04T12:37:55","slug":"podmienky-spoluprace-prikazcu-prepravy","status":"publish","type":"page","link":"https:\/\/c-t.sk\/podmienky-spoluprace-prikazcu-prepravy\/","title":{"rendered":"Podmienky spolupr\u00e1ce pre pr\u00edkazcu prepravy"},"content":{"rendered":"<div class=\"bt_rc_container\"><section id=\"bt_section69ed1d9f49a04\"  class=\"boldSection gutter\" ><div class=\"port\"><div class=\"boldCell\"><div class=\"boldCellInner\"><div class=\"boldRow \" ><div class=\"rowItem col-md-12 col-ms-12  btTextLeft inherit\"  ><div class=\"rowItemContent\"><div class=\"btText\"><p>1. &#8222;Objedn\u00e1vate\u013e vyhlasuje, \u017ee sa obozn\u00e1mil so v\u0161eobecn\u00fdmi zasielate\u013esk\u00fdmi podmienkami zasielate\u013ea (\u010falej len &#8222;VZP C&amp;T&#8221;) spolo\u010dnosti C&amp;T a.s., \u010falej aj ako &#8222;zasielate\u013e&#8221;) zverejnen\u00fdmi na webovom s\u00eddle spolo\u010dnosti <b>www.c-t.sk<\/b> , a \u017ee s nimi v bez v\u00fdhrad s\u00fahlas\u00ed.<\/p>\n<p>2. VZP C&amp;T s\u00fa neoddelite\u013enou s\u00fa\u010das\u0165ou tejto zmluvy o preprave.<\/p>\n<p>3. Pr\u00e1vne vz\u0165ahy zalo\u017een\u00e9 zmluvou o preprave sa riadia Dohovorom o prepravnej zmluve v medzin\u00e1rodnej cestnej n\u00e1kladnej doprave (vyhl\u00e1\u0161ka ministra zahrani\u010dn\u00fdch vec\u00ed \u010d. 11\/1975 Z.z., \u010falej len \u201eDohovor CMR\u201c), ak je dan\u00e1 jeho p\u00f4sobnos\u0165 v zmysle ustanovenia \u010dl. 1 ods. 1 a\u017e 4 Dohovoru CMR a subsidi\u00e1rne z\u00e1konom \u010d. 513\/1991 Z.z. Obchodn\u00fd z\u00e1konn\u00edk, v znen\u00ed neskor\u0161\u00edch predpisov (\u010falej len \u201eObchodn\u00fd z\u00e1konn\u00edk\u201c). V pr\u00edpadoch, kedy na dan\u00fd pr\u00e1vny vz\u0165ah zalo\u017een\u00fd zmluvou o preprave nie je mo\u017en\u00e9 aplikova\u0165 ustanovenia Dohovoru CMR, spravuje sa ustanoveniami Obchodn\u00e9ho z\u00e1konn\u00edka a ostatn\u00fdch pr\u00e1vnych predpisov Slovenskej republiky.<span class=\"Apple-converted-space\">\u00a0<\/span><\/p>\n<p>4. Objedn\u00e1vate\u013e je povinn\u00fd vyplni\u0165 v\u0161etky povinn\u00e9 \u00fadaje n\u00e1kladn\u00e9ho listu pr\u00edpadne n\u00e1kladn\u00e9ho listu CMR. \u010ealej je objedn\u00e1vate\u013e povinn\u00fd riadne ozna\u010di\u0165 mno\u017estvo a hmotnos\u0165 z\u00e1sielky, ozna\u010denie z\u00e1sielky. Objedn\u00e1vate\u013e je povinn\u00fd zabezpe\u010di\u0165 vhodn\u00fd obal pre prepravovan\u00fa z\u00e1sielku a vhodne ju zaisti\u0165, ale najm\u00e4 bezpe\u010dne ulo\u017ei\u0165 a zabezpe\u010di\u0165 n\u00e1klad na vozidle za s\u00fa\u010dinnosti vodi\u010da.<span class=\"Apple-converted-space\">\u00a0<\/span><\/p>\n<p>5. V pr\u00edpade ak pri nakl\u00e1dke zasielate\u013e zist\u00ed, \u017ee z\u00e1sielka nevyhovuje podmienkam na balenie a\/alebo ozna\u010dovanie tovaru je opr\u00e1vnen\u00fd prepravu odmietnu\u0165. V pr\u00edpade ak objedn\u00e1vate\u013e v\u00fdhradu dopravcu k baleniu a\/alebo ozna\u010deniu z\u00e1sielky zap\u00edsan\u00fa v n\u00e1kladnom liste alebo n\u00e1kladnom liste CMR potvrd\u00ed, dopravca prevezme z\u00e1sielku k preprave.<\/p>\n<p>6. Zasielate\u013e nesk\u00fama, \u010di z\u00e1sielka svojou povahou vy\u017eaduje obal, pr\u00edpadne \u010di pou\u017eit\u00fd obal je vhodn\u00fd. Objedn\u00e1vate\u013e zodpoved\u00e1 za \u0161kody, ktor\u00e9 vznikli chybn\u00fdm alebo nedostato\u010dn\u00fdm obalom po\u010das prepravy osob\u00e1m, na prev\u00e1dzkov\u00fdch prostriedkoch alebo in\u00fdch z\u00e1sielkach, ako aj za v\u0161etky n\u00e1klady vzniknuv\u0161ie z tohto d\u00f4vodu.<\/p>\n<p>7. Objedn\u00e1vate\u013e je povinn\u00fd zabezpe\u010di\u0165, aby z\u00e1sielka mala vlastnosti, ktor\u00e9 boli zmluvn\u00fdmi stranami dohodnut\u00e9 v zmluve o preprave, resp. v akceptovanej objedn\u00e1vke. V pr\u00edpade ak zasielate\u013e zist\u00ed pri nakl\u00e1dke, \u017ee z\u00e1sielka, ktorej preprava sa m\u00e1 vykona\u0165 zrejme nesp\u013a\u0148a \u0161pecifick\u00e9 znaky, ktor\u00fdmi bola vymedzen\u00e1 v zmluve o preprave, resp. akceptovanej objedn\u00e1vke objedn\u00e1vate\u013ea<span class=\"Apple-converted-space\">\u00a0 <\/span>a to napr., \u017ee z\u00e1sielka m\u00e1 zjavne v\u00e4\u010d\u0161ie rozmery, ne\u017e boli uveden\u00e9 v zmluve o preprave, resp. objedn\u00e1vke, ide o \u00faplne in\u00fd druh z\u00e1sielky alebo z\u00e1sielku vo v\u00e4\u010d\u0161om mno\u017estve a pod. je zasielate\u013e opr\u00e1vnen\u00fd prepravu takejto z\u00e1sielky odmietnu\u0165. Pr\u00edpadne vykon\u00e1 prepravu z\u00e1sielky v mno\u017estve v ktorom bola dohodnut\u00e1.<\/p>\n<p>N\u00e1klady spojen\u00e9 s pristaven\u00edm vozidla na nakl\u00e1dku, zdr\u017ean\u00edm vozidla pri nakl\u00e1dke (stojn\u00e9 vo v\u00fd\u0161ke 50,- EUR za ka\u017ed\u00fa za\u010dat\u00fa hodinu zdr\u017eania), pr\u00edpadne in\u00e9 n\u00e1klady, ktor\u00e9 v s\u00favislosti s poru\u0161en\u00edm tejto povinnosti objedn\u00e1vate\u013ea dopravcovi vznikn\u00fa, je povinn\u00fd objedn\u00e1vate\u013e zasielate\u013eovi uhradi\u0165.<\/p>\n<p>8. Objedn\u00e1vate\u013e je povinn\u00fd riadne zabezpe\u010di\u0165 v s\u00fa\u010dinnosti so z\u00e1kazn\u00edkom nakl\u00e1dku a vykl\u00e1dku pr\u00edpadne preclenie z\u00e1sielky v ur\u010denom mieste a\/alebo s doru\u010den\u00edm (vykl\u00e1dkou) z\u00e1sielky na ur\u010den\u00e9 miesto a v dohodnutom \u010dase. Objedn\u00e1vate\u013e sa teda zav\u00e4zuje zabezpe\u010di\u0165 riadne, bezpe\u010dn\u00e9 a v\u010dasn\u00e9 prevedenie nakl\u00e1dky, vyclenie a vykl\u00e1dky z\u00e1sielky. Objedn\u00e1vate\u013e je povinn\u00fd v pr\u00edpade poru\u0161enia tejto povinnosti uhradi\u0165 dopravcovi zmluvn\u00fa pokutu za stojn\u00e9 vo v\u00fd\u0161ke 50,- EUR za ka\u017ed\u00fa za\u010dat\u00fa hodinu ome\u0161kania, ktor\u00e9 vzniklo z d\u00f4vodu poru\u0161enia jeho povinnost\u00ed. Objedn\u00e1vate\u013e je povinn\u00fd uhradi\u0165 dopravcovi zmluvn\u00fa pokutu 3,- EUR za ka\u017ed\u00fd jeden prejden\u00fd kilometer navy\u0161e, ktor\u00fd dopravca urobil z d\u00f4vodu nedodr\u017eania ur\u010den\u00e9ho miesta nakl\u00e1dky, preclenia alebo vykl\u00e1dky z\u00e1sielky prepravy objedn\u00e1vate\u013eom.<span class=\"Apple-converted-space\">\u00a0<\/span><\/p>\n<p>9. Objedn\u00e1vate\u013e je povinn\u00fd zabezpe\u010di\u0165 v\u0161etky potrebn\u00e9 doklady a dokumenty pre n\u00e1klad, vyclenie a v\u00fdklad prepravy. Tieto doklady a dokumenty je objedn\u00e1vate\u013e povinn\u00fd odovzda\u0165 dopravcovi najnesk\u00f4r pri odovzdan\u00ed z\u00e1sielky na prepravu. V pr\u00edpade poru\u0161enia tejto povinnosti vznik\u00e1 objedn\u00e1vate\u013eovi povinnos\u0165 uhradi\u0165 dopravcovi zmluvn\u00fa pokutu vo v\u00fd\u0161ke 50,- EUR za ka\u017ed\u00fa za\u010dat\u00fa hodinu ome\u0161kania, ktor\u00e9 z tohto d\u00f4vodu dopravcovi vzniklo s prepravou. Za \u010das ome\u0161kania objedn\u00e1vate\u013ea sa pova\u017euje, pokia\u013e nebolo zmluvn\u00fdmi stranami v zmluve o preprave dohodnut\u00e9 inak, \u010das od po\u017eadovan\u00e9ho pristavenia vozidla na nakl\u00e1dku, resp. vykl\u00e1dku a\u017e po za\u010datie nakl\u00e1dky alebo vykl\u00e1dky a ka\u017ed\u00e9 dopravcom nezavinen\u00e9 preru\u0161enie t\u00fdchto pr\u00e1c vr\u00e1tane vystavenia potrebn\u00fdch dokladov k z\u00e1sielke. Z\u00e1kazn\u00edk pr\u00edpadne objedn\u00e1vate\u013e je povinn\u00fd ma\u0165 pri nakl\u00e1dke k dispoz\u00edcii potrebn\u00e9 zais\u0165ovacie materi\u00e1ly nutn\u00e9 k upevneniu n\u00e1kladu na vozidle a prepravovan\u00fd n\u00e1klad n\u00edm upevni\u0165 v s\u00falade s pr\u00edslu\u0161n\u00fdmi bezpe\u010dnostn\u00fdmi predpismi.<\/p>\n<p>10. Objedn\u00e1vate\u013e, ktor\u00fd uskuto\u010d\u0148uje nakl\u00e1dku, resp. pr\u00edjemca,<span class=\"Apple-converted-space\">\u00a0 <\/span>ktor\u00fd uskuto\u010d\u0148uje vykl\u00e1dku z\u00e1sielky je povinn\u00fd dba\u0165 na to, aby nedo\u0161lo k po\u0161kodeniu vozidla. Ak sp\u00f4sob\u00ed objedn\u00e1vate\u013e pri nakl\u00e1dke, resp. pr\u00edjemca pri vykl\u00e1dke z\u00e1sielky na vozidle dopravcu \u0161kodu, je povinn\u00fd ju dopravcovi v plnom rozsahu nahradi\u0165.<\/p>\n<p>11. Ak pri nakl\u00e1dke, vykl\u00e1dke alebo preprave z\u00e1sielky vznikne na vozidle dopravcu v\u00e4\u010d\u0161ie zne\u010distenie je objedn\u00e1vate\u013e povinn\u00fd zaisti\u0165 na vlastn\u00e9 n\u00e1klady vy\u010distenie vozidla. Ak t\u00fato svoju povinnos\u0165 nespln\u00ed, zaist\u00ed vy\u010distenie vozidla na jeho \u00fa\u010det dopravca.<\/p>\n<p>12. Objedn\u00e1vate\u013e nie je opr\u00e1vnen\u00fd \u00fa\u010dtova\u0165 \u017eiadne n\u00e1klady navy\u0161e, ktor\u00e9 mu vznikli z d\u00f4vodu neopr\u00e1vnen\u00e9ho zadr\u017eania vozidla dopravcu, dopravnej nehody alebo inej prek\u00e1\u017eky, ktor\u00e1 by mohla br\u00e1ni\u0165 riadnemu uskuto\u010dneniu prepravy, ak t\u00e1to prek\u00e1\u017eka nevznikla z viny dopravcu. Objedn\u00e1vate\u013e a zasielate\u013e s\u00fa povinn\u00ed si poskytn\u00fa\u0165 riadnu s\u00fa\u010dinnos\u0165, ktor\u00e1 je v t\u00fdchto pr\u00edpadoch nevyhnutn\u00e1 pre riadne dokon\u010denie dohodnutej prepravy.<\/p>\n<p>13. Zasielate\u013e je opr\u00e1vnen\u00fd uskuto\u010dni\u0165 prepravu s pomocou alebo s vyu\u017eit\u00edm tretej osoby bez obmedzenia. V pr\u00edpade ak je nutn\u00e9 zabezpe\u010di\u0165 v\u010dasnos\u0165 a bezpe\u010dnos\u0165 prepravy je zasielate\u013e opr\u00e1vnen\u00fd z\u00e1sielku prelo\u017ei\u0165 resp. vylo\u017ei\u0165 alebo dolo\u017ei\u0165 na in\u00e9 vozidlo.<span class=\"Apple-converted-space\">\u00a0<\/span><\/p>\n<p>14. O nebezpe\u010denstve vzniku \u0161kody, ako i \u010fal\u0161\u00edch okolnostiach maj\u00facich vplyv na riadne plnenie zmluvy o preprave, s\u00fa objedn\u00e1vate\u013e aj zasielate\u013e povinn\u00ed sa bezodkladne navz\u00e1jom informova\u0165.. V pr\u00edpade vzniku \u0161kody, je objedn\u00e1vate\u013e v s\u00fa\u010dinnosti so \u0161pedit\u00e9rom povinn\u00fd uskuto\u010dni\u0165 potrebn\u00e9 opatrenia a vynalo\u017ei\u0165 potrebn\u00fa odborn\u00fa starostlivos\u0165, aby bola \u0161koda \u010do najmen\u0161ia a bezodkladne informova\u0165 dopravcu o v\u0161etk\u00fdch skuto\u010dnostiach, ktor\u00e9 m\u00f4\u017eu ma\u0165 vplyv na v\u00fd\u0161ku \u0161kody.<span class=\"Apple-converted-space\">\u00a0<\/span><\/p>\n<p>15.<span class=\"Apple-converted-space\">\u00a0 <\/span>\u010ealej je objedn\u00e1vate\u013e povinn\u00fd zasielate\u013eovi \u00faplne a pravdivo pod\u00e1va\u0165 inform\u00e1cie o obsahu z\u00e1sielky a o pr\u00edpadn\u00fdch zn\u00e1mych rizik\u00e1ch, ktor\u00e9 by mohli ohrozi\u0165 bezpe\u010dnos\u0165 prepravovanej z\u00e1sielky. Pri poru\u0161en\u00ed tejto povinnosti je objedn\u00e1vate\u013e<span class=\"Apple-converted-space\">\u00a0 <\/span>povinn\u00fd uhradi\u0165 zmluvn\u00fa pokutu vo v\u00fd\u0161ke 200,- EUR za ka\u017ed\u00e9 jednotliv\u00e9 poru\u0161enie.<span class=\"Apple-converted-space\">\u00a0<\/span><\/p>\n<p>16. V pr\u00edpade nevykonania nakl\u00e1dky do 3 hod\u00edn od \u010dasu nakl\u00e1dky dohodnut\u00e9ho v objedn\u00e1vke, je objedn\u00e1vate\u013e povinn\u00fd uhradi\u0165 zmluvn\u00fa pokutu vo v\u00fd\u0161ke \u20ac 50\/ ka\u017ed\u00fa aj za\u010dat\u00fa hodinu.<\/p>\n<p>Pri zru\u0161en\u00ed prepravy objedn\u00e1vate\u013eom:<\/p>\n<p>\u2022 menej ako 24 hod\u00edn pred uva\u017eovanou nakl\u00e1dkou je objedn\u00e1vate\u013e povinn\u00fd uhradi\u0165 zmluvn\u00fa pokutu vo v\u00fd\u0161ke 30% prepravn\u00e9ho.<\/p>\n<p>\u2022 V de\u0148 nakl\u00e1dky pred uva\u017eovanou nakl\u00e1dkou je objedn\u00e1vate\u013e povinn\u00fd uhradi\u0165 zmluvn\u00fa pokutu vo v\u00fd\u0161ke 50% prepravn\u00e9ho<\/p>\n<p>\u2022 Po pristaven\u00ed vozidla na nakl\u00e1dku je objedn\u00e1vate\u013e povinn\u00fd uhradi\u0165 zmluvn\u00fa pokutu vo v\u00fd\u0161ke 100% prepravn\u00e9ho<\/p>\n<p>17.<span class=\"Apple-converted-space\">\u00a0 <\/span>Objedn\u00e1vate\u013e sa zav\u00e4zuje, \u017ee nebude kontaktova\u0165 tretiu osobu prostredn\u00edctvom, ktorej zasielate\u013e vykon\u00e1va prepravu nad r\u00e1mec povinnost\u00ed vypl\u00fdvaj\u00facich z tejto zmluvy o preprave, iba ak by tento kontakt poskytovate\u013ea prepravy<span class=\"Apple-converted-space\">\u00a0 <\/span>so z\u00e1kazn\u00edkom alebo objedn\u00e1vate\u013eom bol od\u00f4vodnen\u00fd u\u017e existuj\u00facim zmluvn\u00fdm vz\u0165ahom. Objedn\u00e1vate\u013e sa zav\u00e4zuje chr\u00e1ni\u0165 z\u00e1ujmy zasielate\u013ea ako aj v\u0161etk\u00fdch z\u00fa\u010dastnen\u00fdch str\u00e1n prepravy a zachov\u00e1va\u0165 obchodn\u00e9 tajomstvo. Za poru\u0161enie vy\u0161\u0161ie uveden\u00fdch povinnost\u00ed v tomto odseku bude objedn\u00e1vate\u013eovi ulo\u017een\u00e1 zmluvn\u00e1 pokuta a\u017e do v\u00fd\u0161ky 30 000,- EUR<\/p>\n<p>18. V pr\u00edpade vy\u010d\u00edslenia a n\u00e1rokovania zmluvnej pokuty objedn\u00e1vate\u013eovi zost\u00e1va n\u00e1rok zasielate\u013ea na pr\u00edpadn\u00e9 poistn\u00e9 plnenie nedotknut\u00fd. Uplatnen\u00edm n\u00e1roku na ak\u00fako\u013evek dohodnut\u00fa zmluvn\u00fa pokutu v tejto zmluve nie je dotknut\u00e9 pr\u00e1vo zasielate\u013ea po\u017eadova\u0165 n\u00e1hradu \u0161kody, ktor\u00e1 presahuje v\u00fd\u0161ku vy\u00fa\u010dtovanej zmluvnej pokuty.<\/p>\n<p>19. Zasielate\u013e m\u00e1 na zabezpe\u010denie svojich n\u00e1rokov vypl\u00fdvaj\u00facich zo zmluvy z\u00e1dr\u017en\u00e9 pr\u00e1vo k z\u00e1sielke, dokia\u013e s \u0148ou m\u00f4\u017ee naklada\u0165. Ak na z\u00e1sielke viazne viacero z\u00e1dr\u017en\u00fdch pr\u00e1v, m\u00e1 z\u00e1dr\u017en\u00e9 pr\u00e1vo dopravcu prednos\u0165 pred z\u00e1dr\u017en\u00fdmi pr\u00e1vami vzniknut\u00fdmi predt\u00fdm.<\/p>\n<p>20. N\u00e1vrh zmluvy (\u201eObjedn\u00e1vka\u201c) za pova\u017euje za riadne akceptovan\u00fd, pokia\u013e zasielate\u013e p\u00edsomne nepotvrd\u00ed objedn\u00e1vku prepravy. Po akceptovan\u00ed objedn\u00e1vky prepravy sa pova\u017euje zmluva o preprave za riadne uzavret\u00fa.<\/p>\n<p>21. Osoba akceptuj\u00faca objedn\u00e1vku prehlasuje, \u017ee je riadne opr\u00e1vnen\u00e1, poveren\u00e1 alebo splnomocnen\u00e1 opr\u00e1vnenou osobou na uzavretie zmluvy o preprave. V pr\u00edpade nepravdivosti tohto prehl\u00e1senia osoba akceptuj\u00faca objedn\u00e1vku zodpoved\u00e1 za v\u0161etky pr\u00edpadne \u0161kody, ktor\u00e9 vznikli z d\u00f4vodu neplatn\u00e9ho uzavretia tejto zmluvy alebo neplatne dohodnut\u00fdch zmluvn\u00fdch podmienok na z\u00e1klade tohto n\u00e1vrhu.<\/p>\n<p>22. Zmluvn\u00e9 strany sa dohodli a vyhlasuj\u00fa, \u017ee v\u0161etky spory, vzniknut\u00e9 z pr\u00e1vnych vz\u0165ahov vypl\u00fdvaj\u00facich z tejto zmluvy alebo s\u00favisiacich s touto zmluvou, vr\u00e1tane v\u0161etk\u00fdch ved\u013eaj\u0161\u00edch pr\u00e1vnych vz\u0165ahov, n\u00e1rokov na vydanie bezd\u00f4vodn\u00e9ho obohatenia, n\u00e1rokov na n\u00e1hradu \u0161kody, sporov o platnos\u0165, v\u00fdklad, z\u00e1nik tejto zmluvy, sa bud\u00fa rie\u0161i\u0165 pred vecne a miestne pr\u00edslu\u0161n\u00fdm s\u00fadom v Slovenskej republike. V pr\u00edpade, ak by pod\u013ea z\u00e1kona \u010d. 97\/1963 Zb. o medzin\u00e1rodnom pr\u00e1ve s\u00fakromnom a procesnom v znen\u00ed neskor\u0161\u00edch predpisov, pod\u013ea nariadenia Rady (ES) \u010d. 44\/2001 o pr\u00e1vomoci a o uzn\u00e1van\u00ed a v\u00fdkone rozsudkov v ob\u010dianskych a obchodn\u00fdch veciach alebo pod\u013ea inej pr\u00e1vnej normy, z\u00e1kona alebo medzin\u00e1rodnej zmluvy upravuj\u00facej pr\u00edslu\u0161nos\u0165 s\u00fadov pri sporoch s cudz\u00edm prvkom, nebol pr\u00edslu\u0161n\u00fdm s\u00fadom s\u00fad Slovenskej republiky, pr\u00edslu\u0161n\u00fdm s\u00fadom bude pod\u013ea dohody Zmluvn\u00fdch str\u00e1n Okresn\u00fd s\u00fad Martin, Slovensk\u00e1 republika.<span class=\"Apple-converted-space\">\u00a0<\/span><\/p>\n<\/div><\/div><\/div><\/div><\/div><\/div><\/div><\/section><section id=\"bt_section69ed1d9f4a4a1\"  class=\"boldSection gutter\" ><div class=\"port\"><div class=\"boldCell\"><div class=\"boldCellInner\"><div class=\"boldRow \" ><div class=\"rowItem col-sm-6 col-ms-12 btTextLeft inherit\"  ><div class=\"rowItemContent\"><div class=\"btClear btSeparator topSmallSpaced noBorder\" ><hr><\/div><div class=\"btText\"><p><b>Bansk\u00e1 Bystrica 1.11.2022<\/b><\/p>\n<\/div><\/div><\/div><div class=\"rowItem col-sm-6 col-ms-12 btTextLeft\"  ><div class=\"rowItemContent\"><div class=\"btClear btSeparator topSmallSpaced noBorder\" ><hr><\/div><div class=\"btText\"><\/div><\/div><\/div><\/div><\/div><\/div><\/div><\/section><section id=\"bt_section69ed1d9f4a7f2\"  class=\"boldSection gutter\" ><div class=\"port\"><div class=\"boldCell\"><div class=\"boldCellInner\"><div class=\"boldRow \" ><div class=\"rowItem col-md-12 col-ms-12  btTextLeft\"  ><div class=\"rowItemContent\"><div class=\"btClear btSeparator topSemiSpaced noBorder\" ><hr><\/div><\/div><\/div><\/div><\/div><\/div><\/div><\/section><\/div>","protected":false},"excerpt":{"rendered":"<p>1. &#8222;Objedn\u00e1vate\u013e vyhlasuje, \u017ee sa obozn\u00e1mil so v\u0161eobecn\u00fdmi zasielate\u013esk\u00fdmi podmienkami zasielate\u013ea (\u010falej len &#8222;VZP C&amp;T&#8221;) spolo\u010dnosti C&amp;T a.s., \u010falej aj ako &#8222;zasielate\u013e&#8221;) zverejnen\u00fdmi na webovom s\u00eddle spolo\u010dnosti www.c-t.sk , a \u017ee s nimi v bez v\u00fdhrad s\u00fahlas\u00ed. 2. VZP C&amp;T s\u00fa neoddelite\u013enou s\u00fa\u010das\u0165ou tejto zmluvy o preprave. 3. Pr\u00e1vne vz\u0165ahy zalo\u017een\u00e9 zmluvou o preprave sa [&hellip;]<\/p>\n","protected":false},"author":5,"featured_media":0,"parent":0,"menu_order":0,"comment_status":"closed","ping_status":"closed","template":"","meta":{"inline_featured_image":false},"yoast_head":"<!-- This site is optimized with the Yoast SEO plugin v18.7 - https:\/\/yoast.com\/wordpress\/plugins\/seo\/ -->\n<title>Podmienky spolupr\u00e1ce pre pr\u00edkazcu prepravy<\/title>\n<meta name=\"description\" content=\"[bt_section][bt_row el_class=&quot;&quot; el_style=&quot;&quot;][bt_column width=&quot;1\/1&quot; align=&quot;left&quot; vertical_align=&quot;inherit&quot; border=&quot;no_border&quot; cell_padding=&quot;default&quot; animation=&quot;no_animation&quot; text_indent=&quot;no_text_indent&quot; highlight=&quot;no_highlight&quot; background_color=&quot;&quot; transparent=&quot;&quot; background_image=&quot;&quot; el_class=&quot;&quot; el_style=&quot;&quot;][bt_text] 1. &quot;Objedn\u00e1vate\u013e vyhlasuje, \u017ee sa obozn\u00e1mil so v\u0161eobecn\u00fdmi zasielate\u013esk\u00fdmi podmienkami zasielate\u013ea (\u010falej len &quot;VZP C&amp;T&quot;) spolo\u010dnosti C&amp;T a.s., \u010falej aj ako &quot;zasielate\u013e&quot;) zverejnen\u00fdmi na webovom s\u00eddle spolo\u010dnosti www.c-t.sk , a \u017ee s nimi v bez v\u00fdhrad s\u00fahlas\u00ed. 2. VZP&hellip;\" \/>\n<meta name=\"robots\" content=\"index, follow, max-snippet:-1, max-image-preview:large, max-video-preview:-1\" \/>\n<link rel=\"canonical\" href=\"https:\/\/c-t.sk\/podmienky-spoluprace-prikazcu-prepravy\/\" \/>\n<meta property=\"og:locale\" content=\"pl_PL\" \/>\n<meta property=\"og:type\" content=\"article\" \/>\n<meta property=\"og:title\" content=\"Podmienky spolupr\u00e1ce pre pr\u00edkazcu prepravy\" \/>\n<meta property=\"og:description\" content=\"[bt_section][bt_row el_class=&quot;&quot; el_style=&quot;&quot;][bt_column width=&quot;1\/1&quot; align=&quot;left&quot; vertical_align=&quot;inherit&quot; border=&quot;no_border&quot; cell_padding=&quot;default&quot; animation=&quot;no_animation&quot; text_indent=&quot;no_text_indent&quot; highlight=&quot;no_highlight&quot; background_color=&quot;&quot; transparent=&quot;&quot; background_image=&quot;&quot; el_class=&quot;&quot; el_style=&quot;&quot;][bt_text] 1. &quot;Objedn\u00e1vate\u013e vyhlasuje, \u017ee sa obozn\u00e1mil so v\u0161eobecn\u00fdmi zasielate\u013esk\u00fdmi podmienkami zasielate\u013ea (\u010falej len &quot;VZP C&amp;T&quot;) spolo\u010dnosti C&amp;T a.s., \u010falej aj ako &quot;zasielate\u013e&quot;) zverejnen\u00fdmi na webovom s\u00eddle spolo\u010dnosti www.c-t.sk , a \u017ee s nimi v bez v\u00fdhrad s\u00fahlas\u00ed. 2. VZP&hellip;\" \/>\n<meta property=\"og:url\" content=\"https:\/\/c-t.sk\/podmienky-spoluprace-prikazcu-prepravy\/\" \/>\n<meta property=\"og:site_name\" content=\"C&amp;T a.s.\" \/>\n<meta property=\"article:modified_time\" content=\"2022-11-04T12:37:55+00:00\" \/>\n<meta name=\"twitter:card\" content=\"summary_large_image\" \/>\n<meta name=\"twitter:label1\" content=\"Szacowany czas czytania\" \/>\n\t<meta name=\"twitter:data1\" content=\"10 minut\" \/>\n<script type=\"application\/ld+json\" class=\"yoast-schema-graph\">{\"@context\":\"https:\/\/schema.org\",\"@graph\":[{\"@type\":\"WebSite\",\"@id\":\"https:\/\/c-t.sk\/#website\",\"url\":\"https:\/\/c-t.sk\/\",\"name\":\"C&T a.s.\",\"description\":\"Kami\u00f3nov\u00e1 doprava. Intermodal. \u017deleznica. Coln\u00e9 slu\u017eby.\",\"potentialAction\":[{\"@type\":\"SearchAction\",\"target\":{\"@type\":\"EntryPoint\",\"urlTemplate\":\"https:\/\/c-t.sk\/?s={search_term_string}\"},\"query-input\":\"required name=search_term_string\"}],\"inLanguage\":\"pl-PL\"},{\"@type\":\"WebPage\",\"@id\":\"https:\/\/c-t.sk\/podmienky-spoluprace-prikazcu-prepravy\/#webpage\",\"url\":\"https:\/\/c-t.sk\/podmienky-spoluprace-prikazcu-prepravy\/\",\"name\":\"Podmienky spolupr\u00e1ce pre pr\u00edkazcu prepravy - C&T a.s.\",\"isPartOf\":{\"@id\":\"https:\/\/c-t.sk\/#website\"},\"datePublished\":\"2022-11-04T11:58:58+00:00\",\"dateModified\":\"2022-11-04T12:37:55+00:00\",\"breadcrumb\":{\"@id\":\"https:\/\/c-t.sk\/podmienky-spoluprace-prikazcu-prepravy\/#breadcrumb\"},\"inLanguage\":\"pl-PL\",\"potentialAction\":[{\"@type\":\"ReadAction\",\"target\":[\"https:\/\/c-t.sk\/podmienky-spoluprace-prikazcu-prepravy\/\"]}]},{\"@type\":\"BreadcrumbList\",\"@id\":\"https:\/\/c-t.sk\/podmienky-spoluprace-prikazcu-prepravy\/#breadcrumb\",\"itemListElement\":[{\"@type\":\"ListItem\",\"position\":1,\"name\":\"Home\",\"item\":\"https:\/\/c-t.sk\/\"},{\"@type\":\"ListItem\",\"position\":2,\"name\":\"Podmienky spolupr\u00e1ce pre pr\u00edkazcu prepravy\"}]}]}<\/script>\n<!-- \/ Yoast SEO plugin. -->","yoast_head_json":{"title":"Podmienky spolupr\u00e1ce pre pr\u00edkazcu prepravy","description":"[bt_section][bt_row el_class=\"\" el_style=\"\"][bt_column width=\"1\/1\" align=\"left\" vertical_align=\"inherit\" border=\"no_border\" cell_padding=\"default\" animation=\"no_animation\" text_indent=\"no_text_indent\" highlight=\"no_highlight\" background_color=\"\" transparent=\"\" background_image=\"\" el_class=\"\" el_style=\"\"][bt_text] 1. \"Objedn\u00e1vate\u013e vyhlasuje, \u017ee sa obozn\u00e1mil so v\u0161eobecn\u00fdmi zasielate\u013esk\u00fdmi podmienkami zasielate\u013ea (\u010falej len \"VZP C&amp;T\") spolo\u010dnosti C&amp;T a.s., \u010falej aj ako \"zasielate\u013e\") zverejnen\u00fdmi na webovom s\u00eddle spolo\u010dnosti www.c-t.sk , a \u017ee s nimi v bez v\u00fdhrad s\u00fahlas\u00ed. 2. VZP&hellip;","robots":{"index":"index","follow":"follow","max-snippet":"max-snippet:-1","max-image-preview":"max-image-preview:large","max-video-preview":"max-video-preview:-1"},"canonical":"https:\/\/c-t.sk\/podmienky-spoluprace-prikazcu-prepravy\/","og_locale":"pl_PL","og_type":"article","og_title":"Podmienky spolupr\u00e1ce pre pr\u00edkazcu prepravy","og_description":"[bt_section][bt_row el_class=\"\" el_style=\"\"][bt_column width=\"1\/1\" align=\"left\" vertical_align=\"inherit\" border=\"no_border\" cell_padding=\"default\" animation=\"no_animation\" text_indent=\"no_text_indent\" highlight=\"no_highlight\" background_color=\"\" transparent=\"\" background_image=\"\" el_class=\"\" el_style=\"\"][bt_text] 1. \"Objedn\u00e1vate\u013e vyhlasuje, \u017ee sa obozn\u00e1mil so v\u0161eobecn\u00fdmi zasielate\u013esk\u00fdmi podmienkami zasielate\u013ea (\u010falej len \"VZP C&amp;T\") spolo\u010dnosti C&amp;T a.s., \u010falej aj ako \"zasielate\u013e\") zverejnen\u00fdmi na webovom s\u00eddle spolo\u010dnosti www.c-t.sk , a \u017ee s nimi v bez v\u00fdhrad s\u00fahlas\u00ed. 2. VZP&hellip;","og_url":"https:\/\/c-t.sk\/podmienky-spoluprace-prikazcu-prepravy\/","og_site_name":"C&T a.s.","article_modified_time":"2022-11-04T12:37:55+00:00","twitter_card":"summary_large_image","twitter_misc":{"Szacowany czas czytania":"10 minut"},"schema":{"@context":"https:\/\/schema.org","@graph":[{"@type":"WebSite","@id":"https:\/\/c-t.sk\/#website","url":"https:\/\/c-t.sk\/","name":"C&T a.s.","description":"Kami\u00f3nov\u00e1 doprava. Intermodal. \u017deleznica. Coln\u00e9 slu\u017eby.","potentialAction":[{"@type":"SearchAction","target":{"@type":"EntryPoint","urlTemplate":"https:\/\/c-t.sk\/?s={search_term_string}"},"query-input":"required name=search_term_string"}],"inLanguage":"pl-PL"},{"@type":"WebPage","@id":"https:\/\/c-t.sk\/podmienky-spoluprace-prikazcu-prepravy\/#webpage","url":"https:\/\/c-t.sk\/podmienky-spoluprace-prikazcu-prepravy\/","name":"Podmienky spolupr\u00e1ce pre pr\u00edkazcu prepravy - C&T a.s.","isPartOf":{"@id":"https:\/\/c-t.sk\/#website"},"datePublished":"2022-11-04T11:58:58+00:00","dateModified":"2022-11-04T12:37:55+00:00","breadcrumb":{"@id":"https:\/\/c-t.sk\/podmienky-spoluprace-prikazcu-prepravy\/#breadcrumb"},"inLanguage":"pl-PL","potentialAction":[{"@type":"ReadAction","target":["https:\/\/c-t.sk\/podmienky-spoluprace-prikazcu-prepravy\/"]}]},{"@type":"BreadcrumbList","@id":"https:\/\/c-t.sk\/podmienky-spoluprace-prikazcu-prepravy\/#breadcrumb","itemListElement":[{"@type":"ListItem","position":1,"name":"Home","item":"https:\/\/c-t.sk\/"},{"@type":"ListItem","position":2,"name":"Podmienky spolupr\u00e1ce pre pr\u00edkazcu prepravy"}]}]}},"_links":{"self":[{"href":"https:\/\/c-t.sk\/wp-json\/wp\/v2\/pages\/2719"}],"collection":[{"href":"https:\/\/c-t.sk\/wp-json\/wp\/v2\/pages"}],"about":[{"href":"https:\/\/c-t.sk\/wp-json\/wp\/v2\/types\/page"}],"author":[{"embeddable":true,"href":"https:\/\/c-t.sk\/wp-json\/wp\/v2\/users\/5"}],"replies":[{"embeddable":true,"href":"https:\/\/c-t.sk\/wp-json\/wp\/v2\/comments?post=2719"}],"version-history":[{"count":2,"href":"https:\/\/c-t.sk\/wp-json\/wp\/v2\/pages\/2719\/revisions"}],"predecessor-version":[{"id":2734,"href":"https:\/\/c-t.sk\/wp-json\/wp\/v2\/pages\/2719\/revisions\/2734"}],"wp:attachment":[{"href":"https:\/\/c-t.sk\/wp-json\/wp\/v2\/media?parent=2719"}],"curies":[{"name":"wp","href":"https:\/\/api.w.org\/{rel}","templated":true}]}}